{"id":4713,"date":"2025-06-10T10:09:27","date_gmt":"2025-06-10T10:09:27","guid":{"rendered":"https:\/\/monicavoces.es\/blog\/"},"modified":"2025-06-10T10:11:45","modified_gmt":"2025-06-10T10:11:45","slug":"blog","status":"publish","type":"page","link":"https:\/\/monicavoces.es\/ca\/blog\/","title":{"rendered":"Blog"},"content":{"rendered":"\t\t<div data-elementor-type=\"wp-page\" data-elementor-id=\"4713\" class=\"elementor elementor-4713 elementor-4711\">\n\t\t\t\t<div class=\"elementor-element elementor-element-755c675 thegem-e-con-layout-thegem e-flex e-con-boxed e-con e-parent\" data-id=\"755c675\" data-element_type=\"container\" data-e-type=\"container\" data-settings=\"{&quot;thegem_container_layout&quot;:&quot;thegem&quot;}\">\r\n\t\t\t\t\t<div class=\"e-con-inner\">\r\n\t\t\t\t<div class=\"elementor-element elementor-element-d0e7d93 flex-horizontal-align-default flex-horizontal-align-tablet-default flex-horizontal-align-mobile-default flex-vertical-align-default flex-vertical-align-tablet-default flex-vertical-align-mobile-default elementor-widget elementor-widget-thegem-blog-grid\" data-id=\"d0e7d93\" data-element_type=\"widget\" data-e-type=\"widget\" data-settings=\"{&quot;thegem_elementor_preset&quot;:&quot;style-2&quot;,&quot;query_type&quot;:&quot;post&quot;,&quot;source&quot;:[&quot;categories&quot;],&quot;exclude_blog_posts_type&quot;:&quot;manual&quot;,&quot;order_by&quot;:&quot;default&quot;,&quot;order&quot;:&quot;default&quot;,&quot;items_per_page&quot;:8,&quot;image_icon_show&quot;:&quot;yes&quot;}\" data-widget_type=\"thegem-blog-grid.default\">\n\t\t\t\t<div class=\"elementor-widget-container\">\n\t\t\t\t\t\t\t\t<div class=\"preloader\"><div class=\"preloader-spin\"><\/div><\/div>\n\t\t\t<div class=\"blog-grid blog clearfix  justified-style-2  blog-style-justified  blog-style-3x    inline-row   blog-style-justified-3x \" data-page=\"1\" data-paged=\"1\" data-next-page=\"0\" data-load-more-action=\"thegem_bloggrid_load_more\">\n\t\t\t\n<article id=\"post-4706\" class=\"post-item col-lg-4 col-md-4 col-sm-6 col-xs-6 inline-column item-animations-not-inited post-4706 post type-post status-publish format-standard has-post-thumbnail category-sin-categorizar\">\n\n\t\t\t<div class=\"post-content-wrapper\">\n\t\t\n\t\t\t\t\t\t\n\t\t\t\t\t\t\t<div class=\"post-image\"><div class=\"post-featured-content\"><a href=\"https:\/\/monicavoces.es\/ca\/formacio-en-internacionalitzacio-i-comerc-exterior-empreses\/\">\t\t<picture>\n\t\t\t\t\t\t\t\t\t\t\t\t\t\t\t\t\t\t\t<img fetchpriority=\"high\" src=\"https:\/\/monicavoces.es\/wp-content\/uploads\/2024\/11\/asesoria-estrategica-paso-2-thegem-blog-justified.png\" width=\"640\" height=\"480\"  class=\"img-responsive\" alt=\"asesoria-estrategica-paso-2\" \/>\n\t\t<\/picture>\n\t\t<\/a><\/div><\/div>\n\t\t\t\n\t\t\t<div class=\"caption-container\">\n\t\t\t\t<div class=\"description\">\n\t\t\t\t\t<div class=\"post-meta-conteiner\">\n\n\t\t\t\t\t\t\t<span class=\"post-meta-author\">\n\t\t\t\t\t\t\t\t\t\t\t\t\t\t\t<\/span>\n\n\t\t\t\t\t\t<div class=\"post-meta-right\">\n\t\t\t\t\t\t\t\n\t\t\t\t\t\t\t\t\t\t\t\t\t\t\t\t\t\t\t\t<\/div>\n\t\t\t\t\t<\/div>\n\n\t\t\t\t\t<div class=\"post-title\">\n\t\t\t\t\t\t\t\t\t\t\t\t\t<div class=\"entry-title title-h4\"><a href=\"https:\/\/monicavoces.es\/ca\/formacio-en-internacionalitzacio-i-comerc-exterior-empreses\/\" rel=\"bookmark\"><span class=\"entry-title-date\"><\/span><span class=\"light\">Formaci\u00f3 en Internacionalitzaci\u00f3 i Comer\u00e7 Exterior Empreses<\/span><\/a><\/div>\t\t\t\t\t\t\t\t\t\t\t<\/div>\n\n\t\t\t\t\t\n\t\t\t\t\t<div class=\"info clearfix\">\n\t\t\t\t\t\t\t<div class=\"post-footer-sharing\">\n\t\t\t\t\t\t\t\t\t\t\t\t\t\t\t<\/div>\n\t\t\t\t\t\t\t<div class=\"post-read-more\">\n\t\t\t\t\t\t\t\t\t<div class=\"gem-button-container gem-widget-button gem-button-position-inline\">\n\t\t<a class=\"gem-button gem-button-size-tiny gem-button-style-outline\" href=\"https:\/\/monicavoces.es\/ca\/formacio-en-internacionalitzacio-i-comerc-exterior-empreses\/\">\n\t\t\t<span class=\"gem-inner-wrapper-btn\">\n\t\t\t\t\t\t\t\t<span class=\"gem-text-button\">\n\t\t\t\t\tLlegir M\u00e9s\t\t\t\t<\/span>\n\t\t\t<\/span>\n\t\t<\/a>\n\t<\/div>\n\t\t\t\t\t\t\t<\/div>\n\t\t\t\t\t<\/div>\n\t\t\t\t<\/div>\n\t\t\t<\/div>\n\n\t\t<\/div>\n\n<\/article>\n\n<article id=\"post-4704\" class=\"post-item col-lg-4 col-md-4 col-sm-6 col-xs-6 inline-column item-animations-not-inited post-4704 post type-post status-publish format-standard has-post-thumbnail category-sin-categorizar\">\n\n\t\t\t<div class=\"post-content-wrapper\">\n\t\t\n\t\t\t\t\t\t\n\t\t\t\t\t\t\t<div class=\"post-image\"><div class=\"post-featured-content\"><a href=\"https:\/\/monicavoces.es\/ca\/consultora-en-internacionalitzacio-a-barcelona\/\">\t\t<picture>\n\t\t\t\t\t\t\t\t\t\t\t\t\t\t\t\t\t\t\t<img src=\"https:\/\/monicavoces.es\/wp-content\/uploads\/2025\/01\/monica-voces-asesoria-internacionalizacion-thegem-blog-justified.png\" width=\"640\" height=\"480\"  class=\"img-responsive\" alt=\"consultor\u00eda en barcelona Monica Voces\" \/>\n\t\t<\/picture>\n\t\t<\/a><\/div><\/div>\n\t\t\t\n\t\t\t<div class=\"caption-container\">\n\t\t\t\t<div class=\"description\">\n\t\t\t\t\t<div class=\"post-meta-conteiner\">\n\n\t\t\t\t\t\t\t<span class=\"post-meta-author\">\n\t\t\t\t\t\t\t\t\t\t\t\t\t\t\t<\/span>\n\n\t\t\t\t\t\t<div class=\"post-meta-right\">\n\t\t\t\t\t\t\t\n\t\t\t\t\t\t\t\t\t\t\t\t\t\t\t\t\t\t\t\t<\/div>\n\t\t\t\t\t<\/div>\n\n\t\t\t\t\t<div class=\"post-title\">\n\t\t\t\t\t\t\t\t\t\t\t\t\t<div class=\"entry-title title-h4\"><a href=\"https:\/\/monicavoces.es\/ca\/consultora-en-internacionalitzacio-a-barcelona\/\" rel=\"bookmark\"><span class=\"entry-title-date\"><\/span><span class=\"light\">Consultora en Internacionalitzaci\u00f3 a Barcelona<\/span><\/a><\/div>\t\t\t\t\t\t\t\t\t\t\t<\/div>\n\n\t\t\t\t\t\n\t\t\t\t\t<div class=\"info clearfix\">\n\t\t\t\t\t\t\t<div class=\"post-footer-sharing\">\n\t\t\t\t\t\t\t\t\t\t\t\t\t\t\t<\/div>\n\t\t\t\t\t\t\t<div class=\"post-read-more\">\n\t\t\t\t\t\t\t\t\t<div class=\"gem-button-container gem-widget-button gem-button-position-inline\">\n\t\t<a class=\"gem-button gem-button-size-tiny gem-button-style-outline\" href=\"https:\/\/monicavoces.es\/ca\/consultora-en-internacionalitzacio-a-barcelona\/\">\n\t\t\t<span class=\"gem-inner-wrapper-btn\">\n\t\t\t\t\t\t\t\t<span class=\"gem-text-button\">\n\t\t\t\t\tLlegir M\u00e9s\t\t\t\t<\/span>\n\t\t\t<\/span>\n\t\t<\/a>\n\t<\/div>\n\t\t\t\t\t\t\t<\/div>\n\t\t\t\t\t<\/div>\n\t\t\t\t<\/div>\n\t\t\t<\/div>\n\n\t\t<\/div>\n\n<\/article>\n\n<article id=\"post-4616\" class=\"post-item col-lg-4 col-md-4 col-sm-6 col-xs-6 inline-column item-animations-not-inited post-4616 post type-post status-publish format-standard has-post-thumbnail category-sin-categorizar\">\n\n\t\t\t<div class=\"post-content-wrapper\">\n\t\t\n\t\t\t\t\t\t\n\t\t\t\t\t\t\t<div class=\"post-image\"><div class=\"post-featured-content\"><a href=\"https:\/\/monicavoces.es\/ca\/internacionalitzacio-de-pimes-monica-veus\/\">\t\t<picture>\n\t\t\t\t\t\t\t\t\t\t\t\t\t\t\t\t\t\t\t<img src=\"https:\/\/monicavoces.es\/wp-content\/uploads\/2025\/01\/monica-voces-asesora-internacionalizacion-thegem-blog-justified.png\" width=\"640\" height=\"480\"  class=\"img-responsive\" alt=\"internacionalizaci\u00f3n de pymes\" \/>\n\t\t<\/picture>\n\t\t<\/a><\/div><\/div>\n\t\t\t\n\t\t\t<div class=\"caption-container\">\n\t\t\t\t<div class=\"description\">\n\t\t\t\t\t<div class=\"post-meta-conteiner\">\n\n\t\t\t\t\t\t\t<span class=\"post-meta-author\">\n\t\t\t\t\t\t\t\t\t\t\t\t\t\t\t<\/span>\n\n\t\t\t\t\t\t<div class=\"post-meta-right\">\n\t\t\t\t\t\t\t\n\t\t\t\t\t\t\t\t\t\t\t\t\t\t\t\t\t\t\t\t<\/div>\n\t\t\t\t\t<\/div>\n\n\t\t\t\t\t<div class=\"post-title\">\n\t\t\t\t\t\t\t\t\t\t\t\t\t<div class=\"entry-title title-h4\"><a href=\"https:\/\/monicavoces.es\/ca\/internacionalitzacio-de-pimes-monica-veus\/\" rel=\"bookmark\"><span class=\"entry-title-date\"><\/span><span class=\"light\">Internacionalitzaci\u00f3 de PIMES | M\u00f2nica Veus<\/span><\/a><\/div>\t\t\t\t\t\t\t\t\t\t\t<\/div>\n\n\t\t\t\t\t\n\t\t\t\t\t<div class=\"info clearfix\">\n\t\t\t\t\t\t\t<div class=\"post-footer-sharing\">\n\t\t\t\t\t\t\t\t\t\t\t\t\t\t\t<\/div>\n\t\t\t\t\t\t\t<div class=\"post-read-more\">\n\t\t\t\t\t\t\t\t\t<div class=\"gem-button-container gem-widget-button gem-button-position-inline\">\n\t\t<a class=\"gem-button gem-button-size-tiny gem-button-style-outline\" href=\"https:\/\/monicavoces.es\/ca\/internacionalitzacio-de-pimes-monica-veus\/\">\n\t\t\t<span class=\"gem-inner-wrapper-btn\">\n\t\t\t\t\t\t\t\t<span class=\"gem-text-button\">\n\t\t\t\t\tLlegir M\u00e9s\t\t\t\t<\/span>\n\t\t\t<\/span>\n\t\t<\/a>\n\t<\/div>\n\t\t\t\t\t\t\t<\/div>\n\t\t\t\t\t<\/div>\n\t\t\t\t<\/div>\n\t\t\t<\/div>\n\n\t\t<\/div>\n\n<\/article>\n\n<article id=\"post-4606\" class=\"post-item col-lg-4 col-md-4 col-sm-6 col-xs-6 inline-column item-animations-not-inited post-4606 post type-post status-publish format-standard category-sin-categorizar\">\n\n\t\t\t<div class=\"post-content-wrapper\">\n\t\t\n\t\t\t\t\t\t\n\t\t\t\n\t\t\t<div class=\"caption-container\">\n\t\t\t\t<div class=\"description\">\n\t\t\t\t\t<div class=\"post-meta-conteiner\">\n\n\t\t\t\t\t\t\t<span class=\"post-meta-author\">\n\t\t\t\t\t\t\t\t\t\t\t\t\t\t\t<\/span>\n\n\t\t\t\t\t\t<div class=\"post-meta-right\">\n\t\t\t\t\t\t\t\n\t\t\t\t\t\t\t\t\t\t\t\t\t\t\t\t\t\t\t\t<\/div>\n\t\t\t\t\t<\/div>\n\n\t\t\t\t\t<div class=\"post-title\">\n\t\t\t\t\t\t\t\t\t\t\t\t\t<div class=\"entry-title title-h4\"><a href=\"https:\/\/monicavoces.es\/ca\/assessoria-a-barcelona-estrategies-de-negoci-monica-veus\/\" rel=\"bookmark\"><span class=\"entry-title-date\"><\/span><span class=\"light\">Assessoria a Barcelona: Estrat\u00e8gies de negoci M\u00f2nica Veus<\/span><\/a><\/div>\t\t\t\t\t\t\t\t\t\t\t<\/div>\n\n\t\t\t\t\t\n\t\t\t\t\t<div class=\"info clearfix\">\n\t\t\t\t\t\t\t<div class=\"post-footer-sharing\">\n\t\t\t\t\t\t\t\t\t\t\t\t\t\t\t<\/div>\n\t\t\t\t\t\t\t<div class=\"post-read-more\">\n\t\t\t\t\t\t\t\t\t<div class=\"gem-button-container gem-widget-button gem-button-position-inline\">\n\t\t<a class=\"gem-button gem-button-size-tiny gem-button-style-outline\" href=\"https:\/\/monicavoces.es\/ca\/assessoria-a-barcelona-estrategies-de-negoci-monica-veus\/\">\n\t\t\t<span class=\"gem-inner-wrapper-btn\">\n\t\t\t\t\t\t\t\t<span class=\"gem-text-button\">\n\t\t\t\t\tLlegir M\u00e9s\t\t\t\t<\/span>\n\t\t\t<\/span>\n\t\t<\/a>\n\t<\/div>\n\t\t\t\t\t\t\t<\/div>\n\t\t\t\t\t<\/div>\n\t\t\t\t<\/div>\n\t\t\t<\/div>\n\n\t\t<\/div>\n\n<\/article>\n\t\t\t<\/div>\n\t\t\t\t\t<style>\n\t\t\t\t.elementor-element-d0e7d93 .blog-grid .post-image a:hover:after{opacity: 1 !important;}\n\t\t\t\t.elementor-element-d0e7d93 .blog-grid .post-content-wrapper:hover .post-image a:after{opacity: 1 !important;}\n\t\t\t<\/style>\n\t\t\n\t\t\t\n\t\t\t\t\t\t\t<div class=\"preloader\"><div class=\"preloader-spin\"><\/div><\/div>\n\t\t\t\t<div class=\"blog-grid-pagination\" data-page=\"1\" data-next-page=\"0\">\n\t\t\t\t\t\t\t\t\t\t\t\t\t\t\t\t\t\t\t\t<\/div>\n\t\t\t\n\t\t\t\n\t\t\t\n\t\t\t\n\t\t\t\t\t\t<\/div>\n\t\t\t\t<\/div>\n\t\t\t\t\t<\/div>\n\t\t\t\t<\/div>\n\t\t\t\t<\/div>\n\t\t","protected":false},"excerpt":{"rendered":"<p>Formaci\u00f3n en Internacionalizaci\u00f3n y Comercio Exterior Empresas Llegir M\u00e9s Consultora en Internacionalizaci\u00f3n en Barcelona Llegir M\u00e9s Internacionalizaci\u00f3n de PYMES | M\u00f3nica Voces Llegir M\u00e9s Asesor\u00eda en Barcelona: Estrategias de negocio&#8230;<\/p>\n","protected":false},"author":1,"featured_media":0,"parent":0,"menu_order":0,"comment_status":"closed","ping_status":"closed","template":"page-fullwidth.php","meta":{"footnotes":""},"class_list":["post-4713","page","type-page","status-publish"],"_links":{"self":[{"href":"https:\/\/monicavoces.es\/ca\/wp-json\/wp\/v2\/pages\/4713","targetHints":{"allow":["GET"]}}],"collection":[{"href":"https:\/\/monicavoces.es\/ca\/wp-json\/wp\/v2\/pages"}],"about":[{"href":"https:\/\/monicavoces.es\/ca\/wp-json\/wp\/v2\/types\/page"}],"author":[{"embeddable":true,"href":"https:\/\/monicavoces.es\/ca\/wp-json\/wp\/v2\/users\/1"}],"replies":[{"embeddable":true,"href":"https:\/\/monicavoces.es\/ca\/wp-json\/wp\/v2\/comments?post=4713"}],"version-history":[{"count":3,"href":"https:\/\/monicavoces.es\/ca\/wp-json\/wp\/v2\/pages\/4713\/revisions"}],"predecessor-version":[{"id":4722,"href":"https:\/\/monicavoces.es\/ca\/wp-json\/wp\/v2\/pages\/4713\/revisions\/4722"}],"wp:attachment":[{"href":"https:\/\/monicavoces.es\/ca\/wp-json\/wp\/v2\/media?parent=4713"}],"curies":[{"name":"wp","href":"https:\/\/api.w.org\/{rel}","templated":true}]}}