{"id":4192,"date":"2024-11-20T12:11:30","date_gmt":"2024-11-20T12:11:30","guid":{"rendered":"https:\/\/monicavoces.es\/politica-de-privadesa\/"},"modified":"2024-12-12T10:22:00","modified_gmt":"2024-12-12T10:22:00","slug":"politica-de-privadesa","status":"publish","type":"page","link":"https:\/\/monicavoces.es\/ca\/politica-de-privadesa\/","title":{"rendered":"Pol\u00edtica de Privadesa"},"content":{"rendered":"\t\t<div data-elementor-type=\"wp-page\" data-elementor-id=\"4192\" class=\"elementor elementor-4192 elementor-3440\">\n\t\t\t\t<div class=\"elementor-element elementor-element-8e44edc thegem-e-con-layout-thegem e-flex e-con-boxed e-con e-parent\" data-id=\"8e44edc\" data-element_type=\"container\" data-e-type=\"container\" data-settings=\"{&quot;thegem_container_layout&quot;:&quot;thegem&quot;}\">\r\n\t\t\t\t\t<div class=\"e-con-inner\">\r\n\t\t\t\t<div class=\"elementor-element elementor-element-f4e3118 flex-horizontal-align-default flex-horizontal-align-tablet-default flex-horizontal-align-mobile-default flex-vertical-align-default flex-vertical-align-tablet-default flex-vertical-align-mobile-default elementor-widget elementor-widget-heading\" data-id=\"f4e3118\" data-element_type=\"widget\" data-e-type=\"widget\" data-widget_type=\"heading.default\">\n\t\t\t\t<div class=\"elementor-widget-container\">\n\t\t\t\t\t<h1 class=\"elementor-heading-title elementor-size-default\">Pol\u00edtica de Privadesa<\/h1>\t\t\t\t<\/div>\n\t\t\t\t<\/div>\n\t\t\t\t<div class=\"elementor-element elementor-element-5c6a30a flex-horizontal-align-default flex-horizontal-align-tablet-default flex-horizontal-align-mobile-default flex-vertical-align-default flex-vertical-align-tablet-default flex-vertical-align-mobile-default elementor-widget elementor-widget-text-editor\" data-id=\"5c6a30a\" data-element_type=\"widget\" data-e-type=\"widget\" data-widget_type=\"text-editor.default\">\n\t\t\t\t<div class=\"elementor-widget-container\">\n\t\t\t\t\t\t\t\t\t\t\t\t<div class=\"elementor-text-editor elementor-clearfix\">\r\n\t\t\t\t\t\t<h3>I. POL\u00cdTICA DE PRIVACITAT I PROTECCI\u00d3 DE DADES<\/h3>\n<p>Respectant el que estableix la legislaci\u00f3 vigent, <span class=\"blanc-space ng-binding\">Monica Voces<\/span> (d&#8217;ara endavant, tamb\u00e9 Lloc Web) es compromet a adoptar les mesures t\u00e8cniques i organitzatives necess\u00e0ries, segons el nivell de seguretat adequat al risc de les dades recollides.<\/p>\n<h4>Lleis que incorpora aquesta pol\u00edtica de privadesa<\/h4>\n<p>Aquesta pol\u00edtica de privadesa est\u00e0 adaptada a la normativa espanyola i europea vigent en mat\u00e8ria de protecci\u00f3 de dades personals a internet. En concret, aquesta respecta les normes seg\u00fcents: <\/p>\n<ul>\n<li>El Reglament (UE) 2016\/679 del Parlament Europeu i del Consell, de 27 d&#8217;abril del 2016, relatiu a la protecci\u00f3 de les persones f\u00edsiques pel que fa al tractament de dades personals ia la lliure circulaci\u00f3 d&#8217;aquestes dades (RGPD).<\/li>\n<li>La Llei Org\u00e0nica 3\/2018, del 5 de desembre, de Protecci\u00f3 de Dades Personals i garantia dels drets digitals (LOPD-GDD).<\/li>\n<li>El Reial decret 1720\/2007, de 21 de desembre, pel qual saprova el Reglament de desplegament de la Llei Org\u00e0nica 15\/1999, de 13 de desembre, de Protecci\u00f3 de Dades de Car\u00e0cter Personal (RDLOPD).<\/li>\n<li>La Llei 34\/2002, de 11 de juliol, de Serveis de la Societat de la Informaci\u00f3 i de Comer\u00e7 Electr\u00f2nic (LSSI-CE).<\/li>\n<\/ul>\n<h4>Identitat del responsable del tractament de les dades personals<\/h4>\n<p>El responsable del tractament de les dades personals recollides a <span class=\"blanc-space ng-binding\">Monica Voces<\/span> \u00e9s: <span class=\"blanc-space ng-binding\">Monica Voces Rodr\u00edguez<\/span>&nbsp; (d&#8217;ara endavant, Responsable del tractament). El seu email de contacte \u00e9s: info@monicavoces.com <\/p>\n<h4>Registre de Dades de Car\u00e0cter Personal<\/h4>\n<p>En compliment del que estableix el RGPD i la LOPD-GDD, us informem que les dades personals demanades per <span class=\"blanc-space ng-binding\">Monica Voces<\/span> , mitjan\u00e7ant els formularis estesos a les seves p\u00e0gines quedaran incorporats i seran tractats al nostre fitxer per tal de poder facilitar, agilitzar i complir els compromisos establerts entre <span class=\"blanc-space ng-binding\">Monica Voces<\/span> i l&#8217;Usuari o el manteniment de la relaci\u00f3 que s&#8217;estableixi als formularis que aquest empleni, o per atendre una sol\u00b7licitud o consulta del mateix. Aix\u00ed mateix, de conformitat amb el que preveu el RGPD i la LOPD-GDD, llevat que sigui aplicable l&#8217;excepci\u00f3 prevista a l&#8217;article 30.5 del RGPD, es mant\u00e9 un registre d&#8217;activitats de tractament que especifica, segons les seves finalitats, les activitats de tractament dutes a terme i les altres circumst\u00e0ncies establertes al RGPD. <\/p>\n<h4>Principis aplicables al tractament de les dades personals<\/h4>\n<p>El tractament de les dades personals de l&#8217;Usuari se sotmetr\u00e0 als seg\u00fcents principis recollits a l&#8217;article 5 del RGPD ia l&#8217;article 4 i seg\u00fcents de la Llei Org\u00e0nica 3\/2018, de 5 de desembre, de Protecci\u00f3 de Dades Personals i garantia dels drets digitals:<\/p>\n<ul>\n<li>Principi de licitud, lleialtat i transpar\u00e8ncia: es requerir\u00e0 en tot moment el consentiment de l&#8217;Usuari pr\u00e8via informaci\u00f3 completament transparent de les finalitats per a les quals es recullen les dades personals.<\/li>\n<li>Principi de limitaci\u00f3 de la finalitat: les dades personals seran recollides amb fins determinats, expl\u00edcits i leg\u00edtims.<\/li>\n<li>Principi de minimitzaci\u00f3 de dades: les dades personals recollides seran \u00fanicament les estrictament necess\u00e0ries en relaci\u00f3 amb les finalitats per a les quals s\u00f3n tractades.<\/li>\n<li>Principi d&#8217;exactitud: les dades personals han de ser exactes i estar sempre actualitzades.<\/li>\n<li>Principi de limitaci\u00f3 del termini de conservaci\u00f3: les dades personals nom\u00e9s seran mantingudes de manera que es permeti la identificaci\u00f3 de l&#8217;Usuari durant el temps necessari per als fins del tractament.<\/li>\n<li>Principi d&#8217;integritat i confidencialitat: les dades personals seran tractades de manera que se&#8217;n garanteixi la seguretat i confidencialitat.<\/li>\n<li>Principi de responsabilitat proactiva: el responsable del tractament ser\u00e0 responsable d&#8217;assegurar que els principis anteriors es compleixen.<\/li>\n<\/ul>\n<h4>Categories de dades personals<\/h4>\n<p>Les categories de dades que es tracten a <span class=\"blanc-space ng-binding\">Monica Voces<\/span> s\u00f3n \u00fanicament dades identificatives. En cap cas, no es tracten categories especials de dades personals en el sentit de l&#8217;article 9 del RGPD. <\/p>\n<p class=\"ng-hide\">Les categories de dades que es tracten a <span class=\"blanc-space ng-binding\">Monica Voces<\/span> s\u00f3n tant dades identificatives com categories especials de dades personals en el sentit de l&#8217;article 9 del RGPD.<\/p>\n<p class=\"ng-hide\">S&#8217;entenen com a categories especials de dades personals les que revelin l&#8217;origen \u00e8tnic o racial, les opinions pol\u00edtiques, les conviccions religioses o filos\u00f2fiques, o l&#8217;afiliaci\u00f3 sindical, i el tractament de dades gen\u00e8tiques, dades biom\u00e8triques adre\u00e7ades a identificar de manera un\u00edvoca una persona f\u00edsica, dades relatives a la salut o dades relatives a la vida sexual o lorientaci\u00f3 sexual duna persona f\u00edsica.<\/p>\n<p class=\"ng-hide\">Per al tractament de les categories especials de dades personals, caldr\u00e0 en tot cas el consentiment expl\u00edcit de l&#8217;Usuari per a un o diversos fins espec\u00edfics.<\/p>\n<h4>Base legal per al tractament de les dades personals<\/h4>\n<p>La base legal per al tractament de les dades personals \u00e9s el <span class=\"blanc-space ng-binding\">consentiment<\/span> .<\/p>\n<p>L&#8217;Usuari tindr\u00e0 dret a retirar el consentiment en qualsevol moment. Ser\u00e0 tan f\u00e0cil retirar el consentiment com donar-ho. Com a regla general, la retirada del consentiment no condicionar\u00e0 l\u00fas del Lloc Web.  <\/p>\n<p>En les ocasions en qu\u00e8 l&#8217;Usuari hagi o pugui facilitar les seves dades a trav\u00e9s de formularis per fer consultes, sol\u00b7licitar informaci\u00f3 o per motius relacionats amb el contingut del Lloc Web, se us informar\u00e0 en cas que l&#8217;emplenament d&#8217;algun d&#8217;ells sigui obligat\u00f2ria pel fet que aquests siguin imprescindibles per al desenvolupament correcte de l&#8217;operaci\u00f3 realitzada.<\/p>\n<h4>Fins del tractament a qu\u00e8 es destinen les dades personals<\/h4>\n<p>Les dades personals s\u00f3n recollides i gestionades per <span class=\"blanc-space ng-binding\">Monica Voces<\/span> amb la finalitat de poder facilitar, agilitzar i complir els compromisos establerts entre el Lloc Web i l&#8217;Usuari o el manteniment de la relaci\u00f3 que s&#8217;estableixi als formularis que aquest \u00faltim empleni o per atendre&#8217;n una sol\u00b7licitud o consulta.<\/p>\n<p>Igualment, les dades podran ser utilitzades amb una finalitat comercial de personalitzaci\u00f3, operativa i estad\u00edstica, i activitats pr\u00f2pies de l&#8217;objecte social de <span class=\"blanc-space ng-binding\">Monica Voces<\/span> , aix\u00ed com per a l&#8217;extracci\u00f3, emmagatzematge de dades i estudis de m\u00e0rqueting per adequar el Contingut ofert a l&#8217;Usuari, aix\u00ed com millorar la qualitat, funcionament i navegaci\u00f3 pel Lloc Web.<\/p>\n<p>En el moment en qu\u00e8 s&#8217;obtinguin les dades personals, s&#8217;informar\u00e0 l&#8217;Usuari sobre la finalitat o les finalitats espec\u00edfiques del tractament a qu\u00e8 es destinaran les dades personals; \u00e9s a dir, de l&#8217;\u00fas o els usos que es donar\u00e0 a la informaci\u00f3 recopilada.<\/p>\n<h4>Per\u00edodes de retenci\u00f3 de les dades personals<\/h4>\n<p>Les dades personals nom\u00e9s seran retingudes durant el temps m\u00ednim necessari per als fins del seu tractament i, en tot cas, \u00fanicament durant el termini seg\u00fcent: <span class=\"blanc-space ng-binding\">12 mesos<\/span> , o fins que l&#8217;Usuari sol\u00b7liciti la seva supressi\u00f3.<\/p>\n<p>En el moment en qu\u00e8 s&#8217;obtinguin les dades personals, s&#8217;informar\u00e0 l&#8217;usuari sobre el termini durant el qual es conservaran les dades personals o, quan aix\u00f2 no sigui possible, els criteris utilitzats per determinar aquest termini.<\/p>\n<h4>Destinataris de les dades personals<\/h4>\n<p class=\"\">Les dades personals de l&#8217;usuari no seran compartides amb tercers.<\/p>\n<p class=\"\">En qualsevol cas, en el moment en qu\u00e8 s&#8217;obtinguin les dades personals, s&#8217;informar\u00e0 l&#8217;usuari sobre els destinataris o les categories de destinataris de les dades personals.<\/p>\n<p class=\"ng-hide\">Les dades personals de l&#8217;Usuari seran compartides amb els seg\u00fcents destinataris o categories de destinataris:<\/p>\n<p class=\"ng-hide\">En cas que el Responsable del tractament tingui la intenci\u00f3 de transferir dades personals a un tercer pa\u00eds o organitzaci\u00f3 internacional, en el moment que s&#8217;obtinguin les dades personals, s&#8217;informar\u00e0 l&#8217;Usuari sobre el tercer pa\u00eds o organitzaci\u00f3 internacional al qual es t\u00e9 intenci\u00f3 de transferir les dades, aix\u00ed com de l\u201fexist\u00e8ncia o abs\u00e8ncia d\u201funa decisi\u00f3 d\u201fadequaci\u00f3 de la Comissi\u00f3.<\/p>\n<h4>Dades personals de menors d&#8217;edat<\/h4>\n<p>Respectant all\u00f2 establert als articles 8 del RGPD i 7 de la Llei Org\u00e0nica 3\/2018, de 5 de desembre, de Protecci\u00f3 de Dades Personals i garantia dels drets digitals, nom\u00e9s els majors de 14 anys podran atorgar el seu consentiment per al tractament de les seves dades personals de forma l\u00edcita per <span class=\"blanc-space ng-binding\">Monica Voces<\/span> . Si es tracta d&#8217;un menor de 14 anys, caldr\u00e0 el consentiment dels pares o tutors per al tractament, i aquest nom\u00e9s es considerar\u00e0 l\u00edcit en la mesura que aquests ho hagin autoritzat. <\/p>\n<h4>Secret i seguretat de les dades personals<\/h4>\n<p><span class=\"blanc-space ng-binding\">Monica Voces<\/span> es compromet a adoptar les mesures t\u00e8cniques i organitzatives necess\u00e0ries, segons el nivell de seguretat adequat al risc de les dades recollides, de manera que es garanteixi la seguretat de les dades de car\u00e0cter personal i s&#8217;eviti la destrucci\u00f3, p\u00e8rdua o alteraci\u00f3 accidental o il\u00b7l\u00edcita de dades personals transmeses, conservades o tractades d&#8217;una altra manera, o la comunicaci\u00f3 o acc\u00e9s no autoritzats a aquestes dades.<\/p>\n<p class=\"\">El Lloc Web compta amb un certificat SSL (Secure Socket Layer), que assegura que les dades personals es transmeten de manera segura i confidencial, en ser la transmissi\u00f3 de les dades entre el servidor i l&#8217;Usuari, i en retroalimentaci\u00f3, totalment xifrada o encriptada .<\/p>\n<p>Tot i aix\u00f2, pel fet que <span class=\"blanc-space ng-binding\">Monica Voces<\/span> no pot garantir la inexpugnabilitat d&#8217;internet ni l&#8217;abs\u00e8ncia total de hackers o altres que accedeixin de manera fraudulent a les dades personals, el Responsable del tractament es compromet a comunicar a l&#8217;Usuari sense dilaci\u00f3 indeguda quan passi una violaci\u00f3 de la seguretat de les dades personals que sigui probable que comporti un alt risc per als drets i llibertats de les persones f\u00edsiques. Seguint el que estableix l&#8217;article 4 del RGPD, s&#8217;ent\u00e9n per violaci\u00f3 de la seguretat de les dades personals tota violaci\u00f3 de la seguretat que ocasioni la destrucci\u00f3, p\u00e8rdua o alteraci\u00f3 accidental o il\u00b7l\u00edcita de dades personals transmeses, conservades o tractades d&#8217;una altra manera, o la comunicaci\u00f3 o acc\u00e9s no autoritzats a aquestes dades. <\/p>\n<p>Les dades personals seran tractades com a confidencials pel Responsable del tractament, qui es compromet a informar de ia garantir per mitj\u00e0 d&#8217;una obligaci\u00f3 legal o contractual que aquesta confidencialitat sigui respectada pels seus empleats, associats, i tota persona a qui li faci accessible la informaci\u00f3.<\/p>\n<h4>Drets derivats del tractament de les dades personals<\/h4>\n<p>L&#8217;Usuari t\u00e9 sobre <span class=\"blanc-space ng-binding\">Monica Voces<\/span> i podr\u00e0, per tant, exercir davant del Responsable del tractament els seg\u00fcents drets reconeguts al RGPD i la Llei Org\u00e0nica 3\/2018, de 5 de desembre, de Protecci\u00f3 de Dades Personals i garantia dels drets digitals:<\/p>\n<ul>\n<li><i>Dret d&#8217;acc\u00e9s:<\/i> \u00c9s el dret de l&#8217;Usuari a obtenir confirmaci\u00f3 de si <span class=\"blanc-space ng-binding\">Monica Voces<\/span> est\u00e0 tractant o no les vostres dades personals i, en cas afirmatiu, obtenir informaci\u00f3 sobre les vostres dades concretes de car\u00e0cter personal i del tractament que <span class=\"blanc-space ng-binding\">Monica Voces<\/span> hagi realitzat o realitzi, aix\u00ed com, entre una altra, de la informaci\u00f3 disponible sobre l&#8217;origen d&#8217;aquestes dades i els destinataris de les comunicacions realitzades o previstes.<\/li>\n<li><i>Dret de rectificaci\u00f3:<\/i> \u00c9s el dret de l&#8217;Usuari al fet que es modifiquin les seves dades personals que resultin ser inexactes o, tenint en compte els fins del tractament, incomplets.<\/li>\n<li><i>Dret de supressi\u00f3 (&#8220;el dret a l&#8217;oblit&#8221;):<\/i>  \u00c9s el dret de l&#8217;Usuari, sempre que la legislaci\u00f3 vigent no estableixi el contrari, a obtenir la supressi\u00f3 de les dades personals quan aquestes ja no siguin necess\u00e0ries per als fins per als quals van ser recollits o tractats; l&#8217;Usuari hagi retirat el consentiment al tractament i aquest no compti amb una altra base legal; l&#8217;Usuari s&#8217;oposi al tractament i no hi hagi cap altre motiu leg\u00edtim per continuar amb aquest; les dades personals hagin estat tractades il\u00b7l\u00edcitament; les dades personals s&#8217;han de suprimir en compliment d&#8217;una obligaci\u00f3 legal; o les dades personals hagin estat obtingudes producte duna oferta directa de serveis de la societat de la informaci\u00f3 a un menor de 14 anys. A m\u00e9s de suprimir les dades, el Responsable del tractament, tenint en compte la tecnologia disponible i el cost de la seva aplicaci\u00f3, haur\u00e0 d&#8217;adoptar mesures raonables per informar els responsables que estiguin tractant les dades personals de la sol\u00b7licitud de l&#8217;interessat de supressi\u00f3 de qualsevol enlla\u00e7 a aquestes dades personals. <\/li>\n<li><i>Dret a la limitaci\u00f3 del tractament:<\/i> \u00c9s el dret de l&#8217;Usuari a limitar el tractament de les vostres dades personals. L&#8217;Usuari t\u00e9 dret a obtenir la limitaci\u00f3 del tractament quan impugni l&#8217;exactitud de les dades personals; el tractament sigui il\u00b7l\u00edcit; el Responsable del tractament ja no necessiti les dades personals, per\u00f2 l&#8217;Usuari ho necessiti per fer reclamacions; i quan l&#8217;usuari s&#8217;hagi oposat al tractament. <\/li>\n<li><i>Dret a la portabilitat de les dades:<\/i> En cas que el tractament s&#8217;efectu\u00ef per mitjans automatitzats, l&#8217;Usuari tindr\u00e0 dret a rebre del Responsable del tractament les dades personals en un format estructurat, d&#8217;\u00fas com\u00fa i lectura mec\u00e0nica, ia transmetre&#8217;ls a un altre responsable del tractament. Sempre que sigui t\u00e8cnicament possible, el responsable del tractament transmetr\u00e0 directament les dades a aquest altre responsable. <\/li>\n<li><i>Dret d&#8217;oposici\u00f3:<\/i> \u00c9s el dret de l&#8217;Usuari que no es dugui a terme el tractament de les seves dades de car\u00e0cter personal o se&#8217;n cessi el tractament per part de <span class=\"blanc-space ng-binding\">Monica Voces<\/span> .<\/li>\n<li><i>Dret a no ser objecte d&#8217;una decisi\u00f3 basada \u00fanicament en el tractament automatitzat, inclosa l&#8217;elaboraci\u00f3 de perfils:<\/i> \u00c9s el dret de l&#8217;Usuari a no ser objecte d&#8217;una decisi\u00f3 individualitzada basada \u00fanicament en el tractament automatitzat de les vostres dades personals, inclosa l&#8217;elaboraci\u00f3 de perfils , existent llevat que la legislaci\u00f3 vigent estableixi el contrari.<\/li>\n<\/ul>\n<p>Aix\u00ed doncs, l&#8217;Usuari podr\u00e0 exercitar els seus drets mitjan\u00e7ant comunicaci\u00f3 escrita dirigida al Responsable del tractament amb la refer\u00e8ncia &#8220;RGPD- <span class=\"blanc-space ng-binding\">https:\/\/monicavoces.es\/<\/span> &#8220;, especificant:<\/p>\n<ul>\n<li>Nom, cognoms de l&#8217;usuari i c\u00f2pia del DNI. En els casos en qu\u00e8 s&#8217;admeti la representaci\u00f3, tamb\u00e9 ser\u00e0 necess\u00e0ria la identificaci\u00f3 pel mateix mitj\u00e0 de la persona que representa l&#8217;Usuari, aix\u00ed com el document acreditatiu de la representaci\u00f3. La fotoc\u00f2pia del DNI podr\u00e0 ser substitu\u00efda per qualsevol altre mitj\u00e0 v\u00e0lid en dret que acrediti la identitat.  <\/li>\n<li>Petici\u00f3 amb els motius espec\u00edfics de la sol\u00b7licitud o informaci\u00f3 a qu\u00e8 es vol accedir.<\/li>\n<li>Domicili a efectes de notificacions.<\/li>\n<li>Data i signatura del sol\u00b7licitant.<\/li>\n<li>Tot document que acrediti la petici\u00f3 que formula.<\/li>\n<\/ul>\n<p>Aquesta sol\u00b7licitud i qualsevol altre document adjunt es podr\u00e0 enviar a la seg\u00fcent adre\u00e7a de correu electr\u00f2nic: info@ <span class=\"blanc-space ng-binding\">monicavoces.com<\/span><\/p>\n<h4>Enlla\u00e7os a llocs web de tercers<\/h4>\n<p>El Lloc Web pot incloure hipervincles o enlla\u00e7os que permeten accedir a p\u00e0gines web de tercers diferents de <span class=\"blanc-space ng-binding\">Monica Voces<\/span> , i que per tant no s\u00f3n operats per <span class=\"blanc-space ng-binding\">Monica Voces<\/span> . Els titulars d&#8217;aquests llocs web disposaran de les seves pr\u00f2pies pol\u00edtiques de protecci\u00f3 de dades, i ells mateixos seran, en cada cas, responsables dels seus propis fitxers i de les pr\u00f2pies pr\u00e0ctiques de privadesa. <\/p>\n<h4>Reclamacions davant de l&#8217;autoritat de control<\/h4>\n<p>En cas que l&#8217;Usuari consideri que hi ha un problema o infracci\u00f3 de la normativa vigent en la forma com s&#8217;estan tractant les dades personals, tindr\u00e0 dret a la tutela judicial efectiva ia presentar una reclamaci\u00f3 davant d&#8217;una autoritat de control, en particular, a l&#8217;Estat on tingui la resid\u00e8ncia habitual, el lloc de treball o el lloc de la suposada infracci\u00f3. En cas d&#8217;Espanya, l&#8217;autoritat de control \u00e9s l&#8217;Ag\u00e8ncia Espanyola de Protecci\u00f3 de Dades (https:\/\/www.aepd.es\/). <\/p>\n<h3>II. ACCEPTACI\u00d3 I CANVIS EN AQUESTA POL\u00cdTICA DE PRIVACITAT <\/h3>\n<p>\u00c9s necessari que l&#8217;Usuari hagi llegit i estigui conforme amb les condicions sobre la protecci\u00f3 de dades de car\u00e0cter personal contingudes en aquesta Pol\u00edtica de Privadesa, aix\u00ed com que accepti el tractament de les seves dades personals perqu\u00e8 el Responsable del tractament pugui procedir-hi a la forma, durant els terminis i per a les finalitats indicades. L&#8217;\u00fas del Lloc Web implicar\u00e0 l&#8217;acceptaci\u00f3 de la Pol\u00edtica de Privadesa del mateix. <\/p>\n<p><span class=\"blanc-space ng-binding\">Monica Voces<\/span> es reserva el dret de modificar la seva Pol\u00edtica de Privadesa, d&#8217;acord amb el seu propi criteri, o motivat per un canvi legislatiu, jurisprudencial o doctrinal de l&#8217;Ag\u00e8ncia Espanyola de Protecci\u00f3 de Dades. Els canvis o actualitzacions d&#8217;aquesta Pol\u00edtica de Privadesa no seran notificats de manera expl\u00edcita a l&#8217;Usuari. Es recomana a l&#8217;Usuari consultar aquesta p\u00e0gina de forma peri\u00f2dica per estar al corrent dels darrers canvis o actualitzacions.  <\/p>\n<p>Aquesta Pol\u00edtica de Privadesa va ser actualitzada per adaptar-se al Reglament (UE) 2016\/679 del Parlament Europeu i del Consell, de 27 d&#8217;abril de 2016, relatiu a la protecci\u00f3 de les persones f\u00edsiques pel que fa al tractament de dades personals ia la lliure circulaci\u00f3 d&#8217;aquestes dades (RGPD) ia la Llei org\u00e0nica 3\/2018, del 5 de desembre, de protecci\u00f3 de dades personals i garantia dels drets digitals.<\/p>\t\t\t\t\t\t\t<\/div>\r\n\t\t\t\t\t\t\t\t\t\t<\/div>\n\t\t\t\t<\/div>\n\t\t\t\t\t<\/div>\n\t\t\t\t<\/div>\n\t\t\t\t<\/div>\n\t\t","protected":false},"excerpt":{"rendered":"<p>Pol\u00edtica de Privadesa I. POL\u00cdTICA DE PRIVACITAT I PROTECCI\u00d3 DE DADES Respectant el que estableix la legislaci\u00f3 vigent, Monica Voces (d&#8217;ara endavant, tamb\u00e9 Lloc Web) es compromet a adoptar les&#8230;<\/p>\n","protected":false},"author":1,"featured_media":0,"parent":0,"menu_order":0,"comment_status":"closed","ping_status":"closed","template":"page-fullwidth.php","meta":{"footnotes":""},"class_list":["post-4192","page","type-page","status-publish"],"_links":{"self":[{"href":"https:\/\/monicavoces.es\/ca\/wp-json\/wp\/v2\/pages\/4192","targetHints":{"allow":["GET"]}}],"collection":[{"href":"https:\/\/monicavoces.es\/ca\/wp-json\/wp\/v2\/pages"}],"about":[{"href":"https:\/\/monicavoces.es\/ca\/wp-json\/wp\/v2\/types\/page"}],"author":[{"embeddable":true,"href":"https:\/\/monicavoces.es\/ca\/wp-json\/wp\/v2\/users\/1"}],"replies":[{"embeddable":true,"href":"https:\/\/monicavoces.es\/ca\/wp-json\/wp\/v2\/comments?post=4192"}],"version-history":[{"count":2,"href":"https:\/\/monicavoces.es\/ca\/wp-json\/wp\/v2\/pages\/4192\/revisions"}],"predecessor-version":[{"id":4222,"href":"https:\/\/monicavoces.es\/ca\/wp-json\/wp\/v2\/pages\/4192\/revisions\/4222"}],"wp:attachment":[{"href":"https:\/\/monicavoces.es\/ca\/wp-json\/wp\/v2\/media?parent=4192"}],"curies":[{"name":"wp","href":"https:\/\/api.w.org\/{rel}","templated":true}]}}