{"id":4189,"date":"2019-06-07T05:14:19","date_gmt":"2019-06-07T05:14:19","guid":{"rendered":"https:\/\/monicavoces.es\/sobre-mi\/"},"modified":"2025-01-16T09:46:25","modified_gmt":"2025-01-16T09:46:25","slug":"sobre-mi","status":"publish","type":"page","link":"https:\/\/monicavoces.es\/ca\/sobre-mi\/","title":{"rendered":"Sobre mi"},"content":{"rendered":"\t\t<div data-elementor-type=\"wp-page\" data-elementor-id=\"4189\" class=\"elementor elementor-4189 elementor-1430\">\n\t\t\t\t<div class=\"elementor-element elementor-element-007f2eb elementor-hidden-desktop elementor-hidden-tablet thegem-e-con-layout-thegem e-flex e-con-boxed e-con e-parent\" data-id=\"007f2eb\" data-element_type=\"container\" data-e-type=\"container\" data-settings=\"{&quot;background_background&quot;:&quot;classic&quot;,&quot;thegem_container_layout&quot;:&quot;thegem&quot;}\">\r\n\t\t\t\t\t<div class=\"e-con-inner\">\r\n\t\t\t\t<div class=\"elementor-element elementor-element-4c0f546 flex-horizontal-align-default flex-horizontal-align-tablet-default flex-horizontal-align-mobile-default flex-vertical-align-default flex-vertical-align-tablet-default flex-vertical-align-mobile-default elementor-widget elementor-widget-spacer\" data-id=\"4c0f546\" data-element_type=\"widget\" data-e-type=\"widget\" data-widget_type=\"spacer.default\">\n\t\t\t\t<div class=\"elementor-widget-container\">\n\t\t\t\t\t\t\t<div class=\"elementor-spacer\">\n\t\t\t<div class=\"elementor-spacer-inner\"><\/div>\n\t\t<\/div>\n\t\t\t\t\t\t<\/div>\n\t\t\t\t<\/div>\n\t\t\t\t\t<\/div>\n\t\t\t\t<\/div>\n\t\t<div class=\"elementor-element elementor-element-6e014fa thegem-e-con-layout-thegem e-flex e-con-boxed e-con e-parent\" data-id=\"6e014fa\" data-element_type=\"container\" data-e-type=\"container\" data-settings=\"{&quot;background_background&quot;:&quot;classic&quot;,&quot;thegem_container_layout&quot;:&quot;thegem&quot;}\">\r\n\t\t\t\t\t<div class=\"e-con-inner\">\r\n\t\t\t\t<div class=\"elementor-element elementor-element-896a32c flex-horizontal-align-default flex-horizontal-align-tablet-default flex-horizontal-align-mobile-default flex-vertical-align-default flex-vertical-align-tablet-default flex-vertical-align-mobile-default elementor-widget elementor-widget-heading\" data-id=\"896a32c\" data-element_type=\"widget\" data-e-type=\"widget\" data-widget_type=\"heading.default\">\n\t\t\t\t<div class=\"elementor-widget-container\">\n\t\t\t\t\t<h2 class=\"elementor-heading-title elementor-size-default\">CONEIX-ME<\/h2>\t\t\t\t<\/div>\n\t\t\t\t<\/div>\n\t\t\t\t<div class=\"elementor-element elementor-element-68d6bdf flex-horizontal-align-default flex-horizontal-align-tablet-default flex-horizontal-align-mobile-default flex-vertical-align-default flex-vertical-align-tablet-default flex-vertical-align-mobile-default elementor-widget elementor-widget-html\" data-id=\"68d6bdf\" data-element_type=\"widget\" data-e-type=\"widget\" data-widget_type=\"html.default\">\n\t\t\t\t<div class=\"elementor-widget-container\">\n\t\t\t\t\t<p>\n    <center>\n    <span id=\"AboutmeText\">\n  M\u00e9s de 25 anys ajudant empreses a ampliar fronteres\n <span class=\"AboutmeOutlined\">amb estrat\u00e8gies innovadores<\/span>\n <span id=\"AboutmeText\">\ni resultats que transformen reptes\n <span id=\"AboutmeSubText\">en realitats internacionals.<\/span>\n<\/span> \n    <\/center>\n<\/p>\t\t\t\t<\/div>\n\t\t\t\t<\/div>\n\t\t\t\t\t<\/div>\n\t\t\t\t<\/div>\n\t\t<div class=\"elementor-element elementor-element-5a1a341 thegem-e-con-layout-thegem e-flex e-con-boxed e-con e-parent\" data-id=\"5a1a341\" data-element_type=\"container\" data-e-type=\"container\" data-settings=\"{&quot;background_background&quot;:&quot;classic&quot;,&quot;thegem_container_layout&quot;:&quot;thegem&quot;}\">\r\n\t\t\t\t\t<div class=\"e-con-inner\">\r\n\t\t<div class=\"elementor-element elementor-element-bfc230b e-con-full thegem-e-con-layout-thegem e-flex e-con e-child\" data-id=\"bfc230b\" data-element_type=\"container\" data-e-type=\"container\" data-settings=\"{&quot;background_background&quot;:&quot;classic&quot;,&quot;thegem_container_layout&quot;:&quot;thegem&quot;}\">\r\n\t\t\t\t<div class=\"elementor-element elementor-element-540aa64 flex-horizontal-align-default flex-horizontal-align-tablet-default flex-horizontal-align-mobile-default flex-vertical-align-default flex-vertical-align-tablet-default flex-vertical-align-mobile-default elementor-widget elementor-widget-spacer\" data-id=\"540aa64\" data-element_type=\"widget\" data-e-type=\"widget\" data-widget_type=\"spacer.default\">\n\t\t\t\t<div class=\"elementor-widget-container\">\n\t\t\t\t\t\t\t<div class=\"elementor-spacer\">\n\t\t\t<div class=\"elementor-spacer-inner\"><\/div>\n\t\t<\/div>\n\t\t\t\t\t\t<\/div>\n\t\t\t\t<\/div>\n\t\t\t\t<\/div>\n\t\t\t\t\t<\/div>\n\t\t\t\t<\/div>\n\t\t<div class=\"elementor-element elementor-element-d18539d thegem-e-con-layout-thegem e-flex e-con-boxed e-con e-parent\" data-id=\"d18539d\" data-element_type=\"container\" data-e-type=\"container\" data-settings=\"{&quot;thegem_container_layout&quot;:&quot;thegem&quot;}\">\r\n\t\t\t\t\t<div class=\"e-con-inner\">\r\n\t\t<div class=\"elementor-element elementor-element-3da4ad2 e-con-full elementor-hidden-mobile thegem-e-con-layout-thegem e-flex e-con e-child\" data-id=\"3da4ad2\" data-element_type=\"container\" data-e-type=\"container\" data-settings=\"{&quot;thegem_container_layout&quot;:&quot;thegem&quot;}\">\r\n\t\t\t\t<div class=\"elementor-element elementor-element-1d7038b flex-horizontal-align-default flex-horizontal-align-tablet-default flex-horizontal-align-mobile-default flex-vertical-align-default flex-vertical-align-tablet-default flex-vertical-align-mobile-default elementor-widget elementor-widget-spacer\" data-id=\"1d7038b\" data-element_type=\"widget\" data-e-type=\"widget\" data-widget_type=\"spacer.default\">\n\t\t\t\t<div class=\"elementor-widget-container\">\n\t\t\t\t\t\t\t<div class=\"elementor-spacer\">\n\t\t\t<div class=\"elementor-spacer-inner\"><\/div>\n\t\t<\/div>\n\t\t\t\t\t\t<\/div>\n\t\t\t\t<\/div>\n\t\t\t\t<\/div>\n\t\t\t\t<div class=\"elementor-element elementor-element-726b601 flex-horizontal-align-default flex-horizontal-align-tablet-default flex-horizontal-align-mobile-default flex-vertical-align-default flex-vertical-align-tablet-default flex-vertical-align-mobile-default elementor-widget elementor-widget-heading\" data-id=\"726b601\" data-element_type=\"widget\" data-e-type=\"widget\" data-widget_type=\"heading.default\">\n\t\t\t\t<div class=\"elementor-widget-container\">\n\t\t\t\t\t<h3 class=\"elementor-heading-title elementor-size-default\">Creixem amb tu: solucions a mida per a la teva expansi\u00f3 internacional.\n<\/h3>\t\t\t\t<\/div>\n\t\t\t\t<\/div>\n\t\t\t\t<div class=\"elementor-element elementor-element-e2cfe16 flex-horizontal-align-default flex-horizontal-align-tablet-default flex-horizontal-align-mobile-default flex-vertical-align-default flex-vertical-align-tablet-default flex-vertical-align-mobile-default elementor-widget elementor-widget-text-editor\" data-id=\"e2cfe16\" data-element_type=\"widget\" data-e-type=\"widget\" data-widget_type=\"text-editor.default\">\n\t\t\t\t<div class=\"elementor-widget-container\">\n\t\t\t\t\t\t\t\t\t\t\t\t<div class=\"elementor-text-editor elementor-clearfix\">\r\n\t\t\t\t\t\t<p>Treballo amb tu per dissenyar estrat\u00e8gies personalitzades que connectin el teu negoci amb els mercats globals, <span style=\"text-decoration: underline;\">convertint cada desafiament en una oportunitat.<\/span> Junts farem que la teva empresa arribi al seu m\u00e0xim potencial, obrint portes a noves possibilitats i assegurant resultats que realment marquin la difer\u00e8ncia.<\/p>\n\t\t\t\t\t\t\t<\/div>\r\n\t\t\t\t\t\t\t\t\t\t<\/div>\n\t\t\t\t<\/div>\n\t\t\t\t\t<\/div>\n\t\t\t\t<\/div>\n\t\t<div class=\"elementor-element elementor-element-8ff935e e-con-full sliding-text thegem-e-con-layout-thegem e-flex e-con e-parent\" data-id=\"8ff935e\" data-element_type=\"container\" data-e-type=\"container\" data-settings=\"{&quot;background_background&quot;:&quot;classic&quot;,&quot;thegem_container_layout&quot;:&quot;thegem&quot;}\">\r\n\t\t\t\t<div class=\"elementor-element elementor-element-42189c3 flex-horizontal-align-default flex-horizontal-align-tablet-default flex-horizontal-align-mobile-default flex-vertical-align-default flex-vertical-align-tablet-default flex-vertical-align-mobile-default elementor-widget elementor-widget-heading\" data-id=\"42189c3\" data-element_type=\"widget\" data-e-type=\"widget\" data-settings=\"{&quot;thegem_custom_css&quot;:&quot;.marquee {\\r\\n    overflow: hidden;\\r\\n    display: flex;\\r\\n}\\r\\n\\r\\n.marquee h6 {\\r\\n    white-space: nowrap;\\r\\n\\r\\n}\\r\\n&quot;}\" data-widget_type=\"heading.default\">\n\t\t\t\t<div class=\"elementor-widget-container\">\n\t\t\t\t\t<h6 class=\"elementor-heading-title elementor-size-default\">\"El canvi no \u00e9s una amena\u00e7a, sin\u00f3 una oportunitat. L'estrat\u00e8gia \u00e9s no t\u00e9mer-ho, sin\u00f3 ser el protagonista del canvi.\" - Jack Welch \u00b7 \"El canvi no \u00e9s una amena\u00e7a, sin\u00f3 una oportunitat. L'estrat\u00e8gia \u00e9s no t\u00e9mer-ho, sin\u00f3 ser el protagonista del canvi.\" - Jack Welch \u00b7 \"El canvi no \u00e9s una amena\u00e7a, sin\u00f3 una oportunitat. L'estrat\u00e8gia \u00e9s no t\u00e9mer-ho, sin\u00f3 ser el protagonista del canvi.\" - Jack Welch \u00b7<\/h6>\t\t\t\t<\/div>\n\t\t\t\t<\/div>\n\t\t\t\t<\/div>\n\t\t<div class=\"elementor-element elementor-element-a19da71 thegem-e-con-layout-thegem e-flex e-con-boxed e-con e-parent\" data-id=\"a19da71\" data-element_type=\"container\" data-e-type=\"container\" data-settings=\"{&quot;background_background&quot;:&quot;classic&quot;,&quot;thegem_container_layout&quot;:&quot;thegem&quot;}\">\r\n\t\t\t\t\t<div class=\"e-con-inner\">\r\n\t\t\t\t<div class=\"elementor-element elementor-element-fa7ae2c flex-horizontal-align-default flex-horizontal-align-tablet-default flex-horizontal-align-mobile-default flex-vertical-align-default flex-vertical-align-tablet-default flex-vertical-align-mobile-default elementor-widget elementor-widget-html\" data-id=\"fa7ae2c\" data-element_type=\"widget\" data-e-type=\"widget\" data-widget_type=\"html.default\">\n\t\t\t\t<div class=\"elementor-widget-container\">\n\t\t\t\t\t\n<style>\nbody{\n    --speed: 50s;\n}\n.sliding-text .elementor-widget-wrap{\n    display: block !important;\n}\n.sliding-text .elementor-widget{\n    overflow: hidden;\n    width: 10000vw !important;\n    max-width: 10000vw !important;\n}\n.sliding-text .sliding .elementor-widget-container{\n    -webkit-animation: sliding var(--speed) linear infinite;\n    -moz-animation: sliding var(--speed) linear infinite;\n    -o-animation: sliding var(--speed) linear infinite;\n    animation: sliding var(--speed) linear infinite;\n}\n.sliding-text .elementor-widget-container{\n    float: left;\n}\n.sliding-text.reverse{\n    transform: rotate(180deg);\n}\n.sliding-text.reverse .sliding .elementor-heading-title{\n    transform: scale(-1, -1);\n}\n@keyframe sliding{\n0%{ transform: translateX(0); }\n100%{ transform: translateX(-100%); }\n}\n@-webkit-keyframes sliding {\n0%{ transform: translateX(0); }\n100%{ transform: translateX(-100%); }\n}\n@-moz-keyframes sliding {\n0%{ transform: translateX(0); }\n100%{ transform: translateX(-100%); }\n}\n@-o-keyframes sliding {\n0%{ transform: translateX(0); }\n100%{ transform: translateX(-100%); }\n}\n@keyframes sliding {\n0%{ transform: translateX(0); }\n100%{ transform: translateX(-100%); }\n}\n<\/style>\n\n<script src=\"https:\/\/code.jquery.com\/jquery-3.6.0.min.js\"><\/script>\n<script>\nvar $ = jQuery\n\n$(document).ready(function(){\n\n    var h = []\n\n    $('.sliding-text').each(function(){\n        h.push($(this).find('.elementor-widget').clone().html())\n    })\n    \n    function init(){\n        $('.sliding-text').each(function(i){\n\n            var $this = $(this)\n\n            $this.find('.elementor-widget').removeClass('sliding')\n\n            var amount = Math.ceil($(window).width()\/$(this).find('.elementor-widget-container').outerWidth(true)) + 1\n\n            $this.find('.elementor-widget').empty().addClass('sliding')\n            $this.find('.elementor-widget').html(h[i].repeat(amount))\n        })  \n    }\n    \n    init()\n    $(window).on('load resize', init)\n})\n<\/script>\t\t\t\t<\/div>\n\t\t\t\t<\/div>\n\t\t\t\t\t<\/div>\n\t\t\t\t<\/div>\n\t\t<div class=\"elementor-element elementor-element-62d6bf0 thegem-e-con-layout-thegem e-flex e-con-boxed e-con e-parent\" data-id=\"62d6bf0\" data-element_type=\"container\" data-e-type=\"container\" data-settings=\"{&quot;background_background&quot;:&quot;classic&quot;,&quot;thegem_container_layout&quot;:&quot;thegem&quot;}\">\r\n\t\t\t\t\t<div class=\"e-con-inner\">\r\n\t\t<div class=\"elementor-element elementor-element-00d3b20 e-con-full thegem-e-con-layout-thegem e-flex e-con e-child\" data-id=\"00d3b20\" data-element_type=\"container\" data-e-type=\"container\" data-settings=\"{&quot;thegem_container_layout&quot;:&quot;thegem&quot;}\">\r\n\t\t<div class=\"elementor-element elementor-element-5f85252 e-con-full thegem-e-con-layout-thegem e-flex e-con e-child\" data-id=\"5f85252\" data-element_type=\"container\" data-e-type=\"container\" data-settings=\"{&quot;background_background&quot;:&quot;classic&quot;,&quot;thegem_container_layout&quot;:&quot;thegem&quot;}\">\r\n\t\t\t\t<div class=\"elementor-element elementor-element-9e820a2 flex-horizontal-align-default flex-horizontal-align-tablet-default flex-horizontal-align-mobile-default flex-vertical-align-default flex-vertical-align-tablet-default flex-vertical-align-mobile-default elementor-widget elementor-widget-spacer\" data-id=\"9e820a2\" data-element_type=\"widget\" data-e-type=\"widget\" data-widget_type=\"spacer.default\">\n\t\t\t\t<div class=\"elementor-widget-container\">\n\t\t\t\t\t\t\t<div class=\"elementor-spacer\">\n\t\t\t<div class=\"elementor-spacer-inner\"><\/div>\n\t\t<\/div>\n\t\t\t\t\t\t<\/div>\n\t\t\t\t<\/div>\n\t\t\t\t<\/div>\n\t\t\t\t<\/div>\n\t\t<div class=\"elementor-element elementor-element-2ed1a22 e-con-full thegem-e-con-layout-thegem e-flex e-con e-child\" data-id=\"2ed1a22\" data-element_type=\"container\" data-e-type=\"container\" data-settings=\"{&quot;thegem_container_layout&quot;:&quot;thegem&quot;}\">\r\n\t\t\t\t<div class=\"elementor-element elementor-element-05a3adf flex-horizontal-align-default flex-horizontal-align-tablet-default flex-horizontal-align-mobile-default flex-vertical-align-default flex-vertical-align-tablet-default flex-vertical-align-mobile-default elementor-widget elementor-widget-heading\" data-id=\"05a3adf\" data-element_type=\"widget\" data-e-type=\"widget\" data-widget_type=\"heading.default\">\n\t\t\t\t<div class=\"elementor-widget-container\">\n\t\t\t\t\t<h4 class=\"elementor-heading-title elementor-size-default\">S\u00f3c M\u00f3nica Voces, consultora especialitzada en internacionalitzaci\u00f3 d'empreses. La meva traject\u00f2ria professional se centra en un enfocament estrat\u00e8gic omnicanal, combinant canals de venda offline i en l\u00ednia i en una filosofia clara: els negocis es construeixen al voltant de les persones.   <\/h4>\t\t\t\t<\/div>\n\t\t\t\t<\/div>\n\t\t\t\t<div class=\"elementor-element elementor-element-aa3841c flex-horizontal-align-default flex-horizontal-align-tablet-default flex-horizontal-align-mobile-default flex-vertical-align-default flex-vertical-align-tablet-default flex-vertical-align-mobile-default elementor-widget elementor-widget-text-editor\" data-id=\"aa3841c\" data-element_type=\"widget\" data-e-type=\"widget\" data-widget_type=\"text-editor.default\">\n\t\t\t\t<div class=\"elementor-widget-container\">\n\t\t\t\t\t\t\t\t\t\t\t\t<div class=\"elementor-text-editor elementor-clearfix\">\r\n\t\t\t\t\t\t<p>Al llarg dels anys, he comprovat que l&#8217;\u00e8xit als mercats globals no nom\u00e9s dep\u00e8n d&#8217;estrat\u00e8gies eficaces, sin\u00f3 d&#8217;entendre i connectar amb les persones que hi ha darrere de cada projecte, client i mercat.<\/p>\n<p>Sempre m&#8217;ha interessat con\u00e8ixer altres cultures, la seva manera de viure i de negociar. La meva formaci\u00f3 sempre va tenir aquest inter\u00e8s en el punt de mira i es va consolidar amb estudis de comer\u00e7 exterior. Parlo \u00e0rab, franc\u00e8s, angl\u00e8s, espanyol i catal\u00e0, cosa que m&#8217;ha perm\u00e8s treballar amb mercats diversos, des dels pa\u00efsos \u00e0rabs fins a Llatinoam\u00e8rica i Europa.  <\/p>\n<p>M\u00e9s de 25 anys d&#8217;experi\u00e8ncia pr\u00e0ctica en log\u00edstica, vendes, m\u00e0rqueting i direcci\u00f3 d&#8217;exportacions m&#8217;han perm\u00e8s con\u00e8ixer el comer\u00e7 internacional des d&#8217;una perspectiva pr\u00e0ctica i multidisciplin\u00e0ria, entenent els processos des de tots els angles.<\/p>\n<p>Aquest enfocament integral em va portar a explorar l&#8217;impacte de l&#8217;entorn digital i les oportunitats que internet ens oferia ja fa temps, proc\u00e9s que vaig culminar cursant un M\u00e0ster a International e-Business. Incorpora eines digitals en els processos d&#8217;internacionalitzaci\u00f3, maximitzant els resultats dels meus clients. <\/p>\n\t\t\t\t\t\t\t<\/div>\r\n\t\t\t\t\t\t\t\t\t\t<\/div>\n\t\t\t\t<\/div>\n\t\t\t\t<\/div>\n\t\t\t\t\t<\/div>\n\t\t\t\t<\/div>\n\t\t<div class=\"elementor-element elementor-element-fe9dad9 thegem-e-con-layout-thegem e-flex e-con-boxed e-con e-parent\" data-id=\"fe9dad9\" data-element_type=\"container\" data-e-type=\"container\" data-settings=\"{&quot;background_background&quot;:&quot;classic&quot;,&quot;thegem_container_layout&quot;:&quot;thegem&quot;}\">\r\n\t\t\t\t\t<div class=\"e-con-inner\">\r\n\t\t\t\t<div class=\"elementor-element elementor-element-ab24981 flex-horizontal-align-default flex-horizontal-align-tablet-default flex-horizontal-align-mobile-default flex-vertical-align-default flex-vertical-align-tablet-default flex-vertical-align-mobile-default elementor-widget elementor-widget-text-editor\" data-id=\"ab24981\" data-element_type=\"widget\" data-e-type=\"widget\" data-widget_type=\"text-editor.default\">\n\t\t\t\t<div class=\"elementor-widget-container\">\n\t\t\t\t\t\t\t\t\t\t\t\t<div class=\"elementor-text-editor elementor-clearfix\">\r\n\t\t\t\t\t\t<p>Avui, com a consultora, acompanyo empreses en el proc\u00e9s d&#8217;internacionalitzaci\u00f3, ajudant-les a cr\u00e9ixer de forma estrat\u00e8gica i escalable. <u>La meva experi\u00e8ncia multicultural<\/u> i amb una visi\u00f3 360\u00ba em permet dissenyar solucions que no nom\u00e9s generen resultats, sin\u00f3 que <u>construeixen connexions aut\u00e8ntiques en un m\u00f3n cada cop m\u00e9s interconnectat.<\/u><\/p>\n\t\t\t\t\t\t\t<\/div>\r\n\t\t\t\t\t\t\t\t\t\t<\/div>\n\t\t\t\t<\/div>\n\t\t<div class=\"elementor-element elementor-element-67f7d32 e-con-full elementor-hidden-mobile thegem-e-con-layout-thegem e-flex e-con e-child\" data-id=\"67f7d32\" data-element_type=\"container\" data-e-type=\"container\" data-settings=\"{&quot;thegem_container_layout&quot;:&quot;thegem&quot;}\">\r\n\t\t\t\t<div class=\"elementor-element elementor-element-20b893d flex-horizontal-align-default flex-horizontal-align-tablet-default flex-horizontal-align-mobile-default flex-vertical-align-default flex-vertical-align-tablet-default flex-vertical-align-mobile-default elementor-widget elementor-widget-spacer\" data-id=\"20b893d\" data-element_type=\"widget\" data-e-type=\"widget\" data-widget_type=\"spacer.default\">\n\t\t\t\t<div class=\"elementor-widget-container\">\n\t\t\t\t\t\t\t<div class=\"elementor-spacer\">\n\t\t\t<div class=\"elementor-spacer-inner\"><\/div>\n\t\t<\/div>\n\t\t\t\t\t\t<\/div>\n\t\t\t\t<\/div>\n\t\t\t\t<\/div>\n\t\t\t\t\t<\/div>\n\t\t\t\t<\/div>\n\t\t<div class=\"elementor-element elementor-element-8b8b795 thegem-e-con-layout-thegem e-flex e-con-boxed e-con e-parent\" data-id=\"8b8b795\" data-element_type=\"container\" data-e-type=\"container\" data-settings=\"{&quot;background_background&quot;:&quot;classic&quot;,&quot;thegem_container_layout&quot;:&quot;thegem&quot;}\">\r\n\t\t\t\t\t<div class=\"e-con-inner\">\r\n\t\t\t\t<div class=\"elementor-element elementor-element-ed26b11 flex-horizontal-align-default flex-horizontal-align-tablet-default flex-horizontal-align-mobile-default flex-vertical-align-default flex-vertical-align-tablet-default flex-vertical-align-mobile-default elementor-widget elementor-widget-heading\" data-id=\"ed26b11\" data-element_type=\"widget\" data-e-type=\"widget\" data-widget_type=\"heading.default\">\n\t\t\t\t<div class=\"elementor-widget-container\">\n\t\t\t\t\t<h2 class=\"elementor-heading-title elementor-size-default\">Col\u00b7laboracions:<\/h2>\t\t\t\t<\/div>\n\t\t\t\t<\/div>\n\t\t\t\t<div class=\"elementor-element elementor-element-516bd53 flex-horizontal-align-default flex-horizontal-align-tablet-default flex-horizontal-align-mobile-default flex-vertical-align-default flex-vertical-align-tablet-default flex-vertical-align-mobile-default elementor-widget elementor-widget-image\" data-id=\"516bd53\" data-element_type=\"widget\" data-e-type=\"widget\" data-widget_type=\"image.default\">\n\t\t\t\t<div class=\"elementor-widget-container\">\n\t\t\t\t\t\t\t\t\t\t\t\t\t\t\t<img fetchpriority=\"high\" width=\"1366\" height=\"262\" src=\"https:\/\/monicavoces.es\/wp-content\/uploads\/2024\/11\/clientes-2-e1736326219530.png\" class=\"attachment-full size-full wp-image-4157\" alt=\"\" \/>\t\t\t\t\t\t\t\t\t\t\t\t\t\t\t<\/div>\n\t\t\t\t<\/div>\n\t\t\t\t<div class=\"elementor-element elementor-element-3777df8 flex-horizontal-align-default flex-horizontal-align-tablet-default flex-horizontal-align-mobile-default flex-vertical-align-default flex-vertical-align-tablet-default flex-vertical-align-mobile-default elementor-widget elementor-widget-heading\" data-id=\"3777df8\" data-element_type=\"widget\" data-e-type=\"widget\" data-widget_type=\"heading.default\">\n\t\t\t\t<div class=\"elementor-widget-container\">\n\t\t\t\t\t<h2 class=\"elementor-heading-title elementor-size-default\">Formaci\u00f3:<\/h2>\t\t\t\t<\/div>\n\t\t\t\t<\/div>\n\t\t\t\t<div class=\"elementor-element elementor-element-a63ab2c flex-horizontal-align-default flex-horizontal-align-tablet-default flex-horizontal-align-mobile-default flex-vertical-align-default flex-vertical-align-tablet-default flex-vertical-align-mobile-default elementor-widget elementor-widget-image\" data-id=\"a63ab2c\" data-element_type=\"widget\" data-e-type=\"widget\" data-widget_type=\"image.default\">\n\t\t\t\t<div class=\"elementor-widget-container\">\n\t\t\t\t\t\t\t\t\t\t\t\t\t\t\t<img width=\"1762\" height=\"262\" src=\"https:\/\/monicavoces.es\/wp-content\/uploads\/2024\/12\/clientes-3.png\" class=\"attachment-full size-full wp-image-4168\" alt=\"\" srcset=\"https:\/\/monicavoces.es\/wp-content\/uploads\/2024\/12\/clientes-3.png 1762w, https:\/\/monicavoces.es\/wp-content\/uploads\/2024\/12\/clientes-3-300x45.png 300w, https:\/\/monicavoces.es\/wp-content\/uploads\/2024\/12\/clientes-3-1024x152.png 1024w, https:\/\/monicavoces.es\/wp-content\/uploads\/2024\/12\/clientes-3-768x114.png 768w, https:\/\/monicavoces.es\/wp-content\/uploads\/2024\/12\/clientes-3-1536x228.png 1536w\" sizes=\"(max-width: 1762px) 100vw, 1762px\" \/>\t\t\t\t\t\t\t\t\t\t\t\t\t\t\t<\/div>\n\t\t\t\t<\/div>\n\t\t\t\t\t<\/div>\n\t\t\t\t<\/div>\n\t\t\t\t<\/div>\n\t\t","protected":false},"excerpt":{"rendered":"<p>CONEIX-ME M\u00e9s de 25 anys ajudant empreses a ampliar fronteres amb estrat\u00e8gies innovadores i resultats que transformen reptes en realitats internacionals. Creixem amb tu: solucions a mida per a la&#8230;<\/p>\n","protected":false},"author":1,"featured_media":0,"parent":0,"menu_order":0,"comment_status":"closed","ping_status":"closed","template":"elementor_header_footer","meta":{"footnotes":""},"class_list":["post-4189","page","type-page","status-publish"],"_links":{"self":[{"href":"https:\/\/monicavoces.es\/ca\/wp-json\/wp\/v2\/pages\/4189","targetHints":{"allow":["GET"]}}],"collection":[{"href":"https:\/\/monicavoces.es\/ca\/wp-json\/wp\/v2\/pages"}],"about":[{"href":"https:\/\/monicavoces.es\/ca\/wp-json\/wp\/v2\/types\/page"}],"author":[{"embeddable":true,"href":"https:\/\/monicavoces.es\/ca\/wp-json\/wp\/v2\/users\/1"}],"replies":[{"embeddable":true,"href":"https:\/\/monicavoces.es\/ca\/wp-json\/wp\/v2\/comments?post=4189"}],"version-history":[{"count":10,"href":"https:\/\/monicavoces.es\/ca\/wp-json\/wp\/v2\/pages\/4189\/revisions"}],"predecessor-version":[{"id":4597,"href":"https:\/\/monicavoces.es\/ca\/wp-json\/wp\/v2\/pages\/4189\/revisions\/4597"}],"wp:attachment":[{"href":"https:\/\/monicavoces.es\/ca\/wp-json\/wp\/v2\/media?parent=4189"}],"curies":[{"name":"wp","href":"https:\/\/api.w.org\/{rel}","templated":true}]}}